{"id":18,"date":"2007-12-04T22:09:59","date_gmt":"2007-12-04T21:09:59","guid":{"rendered":"http:\/\/www.turaz.net\/turati\/?page_id=18"},"modified":"2020-08-03T10:46:08","modified_gmt":"2020-08-03T08:46:08","slug":"i-miei-computer","status":"publish","type":"page","link":"https:\/\/www.turazlab.com\/?page_id=18","title":{"rendered":"I miei computer*"},"content":{"rendered":"\n<blockquote class=\"wp-block-quote is-style-large is-layout-flow wp-block-quote-is-layout-flow\"><p><em>&#8220;Le cose che possiedi alla fine ti possiedono.&#8221; <\/em><\/p><cite><em>Tyler Durde<\/em>n<\/cite><\/blockquote>\n\n\n\n<p>Ho un portatile, un pc fisso, un server con un hypervisor che virtualizza 4 vm, 4 o 5 Raspberry PI, 2 cellulari, 1 tablet, 1 NAS, 2 smartwatch e 3 console portatili.<\/p>\n\n\n\n<p>In casa ho 2 switch di rete, 1 access point e un router.<\/p>\n\n\n\n<p>Il sito che stai leggendo si trova su <s>un Raspberry PI accanto alle mie scarpe nell&#8217;armadio all&#8217;ingresso di<\/s> una vm che gira su un NUC in casa mia.<\/p>\n\n\n\n<p class=\"has-small-font-size\"><em>*Ho scelto di smettere di scrivere le mie configurazioni perch\u00e9 quello che conta \u00e8 l&#8217;uso che facciamo della tecnologia di cui disponiamo (in realt\u00e0 sono pigro).<\/em><\/p>\n","protected":false},"excerpt":{"rendered":"<p>&#8220;Le cose che possiedi alla fine ti possiedono.&#8221; Tyler Durden Ho un portatile, un pc fisso, un server con un hypervisor che virtualizza 4 vm, 4 o 5 Raspberry PI, 2 cellulari, 1 tablet, 1 NAS, 2 smartwatch e 3 console portatili. In casa ho 2 switch di rete, 1 access point e un router. [&hellip;]<\/p>\n","protected":false},"author":2,"featured_media":0,"parent":0,"menu_order":0,"comment_status":"closed","ping_status":"closed","template":"","meta":{"footnotes":""},"class_list":["post-18","page","type-page","status-publish","hentry"],"_links":{"self":[{"href":"https:\/\/www.turazlab.com\/index.php?rest_route=\/wp\/v2\/pages\/18","targetHints":{"allow":["GET"]}}],"collection":[{"href":"https:\/\/www.turazlab.com\/index.php?rest_route=\/wp\/v2\/pages"}],"about":[{"href":"https:\/\/www.turazlab.com\/index.php?rest_route=\/wp\/v2\/types\/page"}],"author":[{"embeddable":true,"href":"https:\/\/www.turazlab.com\/index.php?rest_route=\/wp\/v2\/users\/2"}],"replies":[{"embeddable":true,"href":"https:\/\/www.turazlab.com\/index.php?rest_route=%2Fwp%2Fv2%2Fcomments&post=18"}],"version-history":[{"count":28,"href":"https:\/\/www.turazlab.com\/index.php?rest_route=\/wp\/v2\/pages\/18\/revisions"}],"predecessor-version":[{"id":993,"href":"https:\/\/www.turazlab.com\/index.php?rest_route=\/wp\/v2\/pages\/18\/revisions\/993"}],"wp:attachment":[{"href":"https:\/\/www.turazlab.com\/index.php?rest_route=%2Fwp%2Fv2%2Fmedia&parent=18"}],"curies":[{"name":"wp","href":"https:\/\/api.w.org\/{rel}","templated":true}]}}